



{"id":3,"date":"2023-07-08T18:50:46","date_gmt":"2023-07-08T15:50:46","guid":{"rendered":"https:\/\/turunlennokkiseura.com\/tls\/?page_id=3"},"modified":"2024-05-17T15:39:15","modified_gmt":"2024-05-17T12:39:15","slug":"tietosuojaseloste","status":"publish","type":"page","link":"https:\/\/turunlennokkiseura.com\/tls\/tietosuojaseloste\/","title":{"rendered":"Tietosuojaseloste"},"content":{"rendered":"\n<h4 class=\"wp-block-heading\">Tiivistelm\u00e4<\/h4>\n\n\n\n<p>Turun lennokkiseura r.y. (TLS) on sitoutunut 24.5.2016 voimaan tulleen ja 25.5.2018 alkaen<br>noudatettavan yleisen tietosuoja-asetuksen mukaisesti suojaamaan j\u00e4sentens\u00e4 yksityisyytt\u00e4 ja<br>tarjoamaan heille mahdollisuuden vaikuttaa omien tietojensa k\u00e4sittelyyn.<\/p>\n\n\n\n<p>Tietosuojaselosteessa kerromme j\u00e4senillemme yksityiskohtaisesti heid\u00e4n tietojensa k\u00e4sittelyst\u00e4.<br>Seuran k\u00e4ytt\u00e4mien Google-palveluiden osalta noudatetaan yksinomaan Googlen tietosuojaehtoja.<br>Kulloinkin voimssa olevat ehdot ovat luettavissa osoitteessa https:\/\/policies.google.com\/ .<\/p>\n\n\n\n<p>Seuran j\u00e4senen on hyv\u00e4ksytt\u00e4v\u00e4 t\u00e4m\u00e4n tietosuojaselosteen ehdot voidakseen k\u00e4ytt\u00e4\u00e4 TLS:n<br>palveluita.<\/p>\n\n\n\n<p>Ker\u00e4\u00e4m\u00e4mme ainoastaan j\u00e4senen itsens\u00e4 antamia tietoja.<\/p>\n\n\n\n<h4 class=\"wp-block-heading\">Rekisterinpit\u00e4j\u00e4 ja sen yhteystiedot<\/h4>\n\n\n\n<p>K\u00e4sitelt\u00e4vien henkil\u00f6tietojen rekisterinpit\u00e4j\u00e4n\u00e4 toimii:<br>Turun lennokkiseura r.y.<br>www.turunlennokkiseura.com<\/p>\n\n\n\n<h4 class=\"wp-block-heading\">Mit\u00e4 tietoja j\u00e4senest\u00e4 voidaan ker\u00e4t\u00e4?<\/h4>\n\n\n\n<p>J\u00e4senen itsens\u00e4 antamat tunnistamistiedot ja yhteystiedot sek\u00e4 maksutiedot. SIL16-lupaa<br>suorittavilta ker\u00e4t\u00e4\u00e4n lis\u00e4ksi seuraavat henkil\u00f6tiedot: etu- ja sukunimi, SIL-tunnus,<br>operaattoritunnus ja lisenssin lupanumero<\/p>\n\n\n\n<h4 class=\"wp-block-heading\">Mihin tallennettuja tietoja k\u00e4ytet\u00e4\u00e4n?<\/h4>\n\n\n\n<p>Tallennettuja tietoja k\u00e4ytet\u00e4\u00e4n seuran j\u00e4senrekisterin yll\u00e4pitoon, seuran ja j\u00e4senen v\u00e4liseen<br>yhteydenpitoon sek\u00e4 seuran toiminnan mahdollistamiseksi. SIL16-lupaan liittyvi\u00e4 tietoja k\u00e4ytet\u00e4\u00e4n<br>seuran SIL16-operaattoriluvan edellytt\u00e4miin teht\u00e4viin. N\u00e4it\u00e4 ovat esimerkiksi lupienhallinta,<br>operaattoriluvan edellytt\u00e4m\u00e4 yhteisty\u00f6 Suomen Ilmailuliitto r.y.n (SIL) ja viranomaisten kanssa ja<br>koesuoritusten rekister\u00f6inti SIL:lle. Lis\u00e4ksi seura yll\u00e4pit\u00e4\u00e4 kirjaa SIL16-lupaan liittyvist\u00e4<br>s\u00e4\u00e4nt\u00f6rikkomuksista ja niiden aiheuttamista seuraamuksista.<\/p>\n\n\n\n<h4 class=\"wp-block-heading\">Miten tietoja s\u00e4ilytet\u00e4\u00e4n ja suojataan?<\/h4>\n\n\n\n<p>TLS s\u00e4ilytt\u00e4\u00e4 henkil\u00f6tietoja paperisessa ja digitaalisessa muodossa. Paperisessa muodossa ovat<br>esimerkiksi kokousp\u00f6yt\u00e4kirjat. Tarpeettomia j\u00e4ljenn\u00f6ksi\u00e4 ei tehd\u00e4.<\/p>\n\n\n\n<p>Digitaalisessa muodossa olevia tietoja s\u00e4ilytet\u00e4\u00e4n seuran hallituksen hyv\u00e4ksymill\u00e4<br>pilvipalvelualustoilla (Google). Digitaalisten tietojen suojauksessa, varmuuskopioinnissa ja<br>luvattoman k\u00e4sittelyn ehk\u00e4isyss\u00e4 k\u00e4ytet\u00e4\u00e4n pilvipalvelualustan tarjoamia palveluita.<\/p>\n\n\n\n<p>Tietoihin on p\u00e4\u00e4sy vain seuran valtuuttamilla henkil\u00f6ill\u00e4.<\/p>\n\n\n\n<h4 class=\"wp-block-heading\">Kuka k\u00e4sittelee henkil\u00f6tietoja?<\/h4>\n\n\n\n<p>J\u00e4sentietoihin on p\u00e4\u00e4sy vain TLS:n hallituksen valtuuttamilla henkil\u00f6ill\u00e4. Tietojen hallinnasta<br>vastaa Turun lennokkiseura r.y.<\/p>\n\n\n\n<h4 class=\"wp-block-heading\">Kuinka kauan tietoja s\u00e4ilytet\u00e4\u00e4n?<\/h4>\n\n\n\n<p>S\u00e4ilyt\u00e4mme henkil\u00f6kohtaisia tietoja vain tarvittavan ajan voidaksemme toteuttaa aiemmin t\u00e4ss\u00e4<br>selosteessa m\u00e4\u00e4ritellyt tietojen k\u00e4ytt\u00f6tarkoitukset. T\u00e4m\u00e4n lis\u00e4ksi joitain tietoja voidaan s\u00e4ilytt\u00e4\u00e4<br>kauemmin, jos se on tarpeen muiden laissa asetettujen velvollisuuksien toteuttamiseksi ja<br>toteuttamisen n\u00e4ytt\u00e4miseksi. N\u00e4it\u00e4 velvollisuuksia ovat esimerkiksi kirjanpitoa koskevat vastuut.<\/p>\n\n\n\n<p>Joillekin tiedoille lains\u00e4\u00e4d\u00e4nt\u00f6 asettaa velvoitteita tiedon pidempiaikaiselle tallentamiselle.<br>Esimerkiksi kirjanpitolaki m\u00e4\u00e4rittelee tiedoille pidempi\u00e4 s\u00e4ilytysaikoja riippumatta siit\u00e4 sis\u00e4ltyyk\u00f6<br>niihin henkil\u00f6tietoja. J\u00e4rjestelmist\u00e4 ja sen sis\u00e4lt\u00e4mist\u00e4 tietokannoista pidet\u00e4\u00e4n riitt\u00e4v\u00e4t<br>varmuuskopiot, jotta voimme taata tietojen turvallisen s\u00e4ilytyksen, mahdollisuuden korjata<br>virhetilanteet, yll\u00e4pit\u00e4\u00e4 tietoturvaa ja taata palvelun jatkuvuuden.<\/p>\n\n\n\n<p>SIL16-lupien n\u00e4ytt\u00f6kokeisiin liittyvi\u00e4 asiakirjoja on s\u00e4ilytett\u00e4v\u00e4 v\u00e4hint\u00e4\u00e4n kolme vuotta suorituksen<br>j\u00e4lkeen.<\/p>\n\n\n\n<h4 class=\"wp-block-heading\">Millaisia oikeuksia j\u00e4senell\u00e4 on?<\/h4>\n\n\n\n<p>TLS:n j\u00e4senell\u00e4 on oikeus saada p\u00e4\u00e4sy itse\u00e4\u00e4n koskeviin henkil\u00f6tietoihin ja saada j\u00e4ljenn\u00f6s<br>j\u00e4rjestelm\u00e4\u00e4n tallennetuista henkil\u00f6tiedoista. J\u00e4sen voi pyyt\u00e4\u00e4 itse\u00e4 koskevien henkil\u00f6tietojen<br>oikaisemista tai poistamista. H\u00e4n voi my\u00f6s tietyin edellytyksin pyyt\u00e4\u00e4 henkil\u00f6tietojen k\u00e4sittelyn<br>rajoittamista tai vastustaa k\u00e4sittely\u00e4. Seuran j\u00e4sen voi tehd\u00e4 n\u00e4it\u00e4 oikeuksia koskevan pyynn\u00f6n<br>ottamalla yhteytt\u00e4 TLS:n hallitukseen.<\/p>\n\n\n\n<h4 class=\"wp-block-heading\">Kuinka j\u00e4sen saa j\u00e4rjestelm\u00e4\u00e4n itsest\u00e4\u00e4n tallennetut tiedot?<\/h4>\n\n\n\n<p>Seuran j\u00e4sen voi pyyt\u00e4\u00e4 tallennetut tiedot n\u00e4ht\u00e4v\u00e4ksi ottamalla yhteytt\u00e4 TLS:n hallitukseen.<\/p>\n\n\n\n<h4 class=\"wp-block-heading\">Miten j\u00e4sen voi vaikuttaa omien tietojensa k\u00e4ytt\u00f6\u00f6n?<\/h4>\n\n\n\n<p>TLS on sitoutunut tarjoamaan j\u00e4senilleen mahdollisuuksia vaikuttaa tietojensa ker\u00e4\u00e4miseen ja<br>k\u00e4ytt\u00f6\u00f6n. J\u00e4sen voi itse p\u00e4\u00e4tt\u00e4\u00e4 h\u00e4neen kohdistetusta tiedotuksesta. H\u00e4n voi my\u00f6s ottaa tai olla<br>ottamatta vastaan tiedotuksia.<\/p>\n\n\n\n<h4 class=\"wp-block-heading\">Luovutetaanko henkil\u00f6tietoja kolmansille osapuolille?<\/h4>\n\n\n\n<p>TLS ei luovuta tallennettuja tietoja kolmansille osapuolille, ellei voimassa oleva lains\u00e4\u00e4d\u00e4nt\u00f6 tai<br>viranomaism\u00e4\u00e4r\u00e4ykset sit\u00e4 edellyt\u00e4. SIL16-lupaan liittyvi\u00e4 tietoja voidaan luovuttaa SIL:lle tai<br>viranomaisille seuran SIL16-luvan kulloinkin edellytt\u00e4m\u00e4ss\u00e4 laajuudessa. Luovuttaessamme muita kuin SIL16-lupaan liittyvi\u00e4 tietoja viranomaisten pyynn\u00f6st\u00e4, informoimme tietopyynn\u00f6ist\u00e4 aina my\u00f6s<br>j\u00e4sent\u00e4, jos se on lain puitteissa sallittua.<\/p>\n\n\n\n<h4 class=\"wp-block-heading\">K\u00e4ytet\u00e4\u00e4nk\u00f6 palvelun sivuilla ev\u00e4steit\u00e4?<\/h4>\n\n\n\n<p>TLS ei k\u00e4yt\u00e4 verkkosivuillaan ev\u00e4steit\u00e4 tai muita vastaavia tekniikoita j\u00e4senen tunnistamiseen.<\/p>\n\n\n\n<h4 class=\"wp-block-heading\">Voidaanko t\u00e4t\u00e4 tietosuojaselostetta muuttaa?<\/h4>\n\n\n\n<p>Tarjoamiemme palveluiden kehityksen ja lains\u00e4\u00e4d\u00e4nn\u00f6n muutosten johdosta pid\u00e4t\u00e4mme oikeuden<br>tarvittaessa muuttaa tietosuojaselostetta. Merkitt\u00e4vist\u00e4 muutoksista ilmoitetaan j\u00e4senille.<\/p>\n\n\n\n<h4 class=\"wp-block-heading\">Mihin j\u00e4senemme voivat ottaa yhteytt\u00e4?<\/h4>\n\n\n\n<p>TLS:n hallituksen yhteystiedot ovat seuran verkkosivuilla osoitteessa<br>www.turunlennokkiseura.com.<\/p>\n\n\n\n<p>Verkkosivut ovat seuran virallinen tiedotuskanava. Hallituksen yhteystiedot ovat my\u00f6s Paattisten<br>lennokkikent\u00e4n ilmoitustaululla.<\/p>\n\n\n\n<p><a href=\"https:\/\/turunlennokkiseura.com\/dokumentit\/tietosuojaseloste-versio-1.3.pdf\" data-type=\"attachment\" data-id=\"113\">Lataa t\u00e4m\u00e4 tietosuojaseloste PDF- tiedostona<\/a><\/p>\n","protected":false},"excerpt":{"rendered":"<p>Tiivistelm\u00e4 Turun lennokkiseura r.y. (TLS) on sitoutunut 24.5.2016 voimaan tulleen ja 25.5.2018 alkaennoudatettavan yleisen tietosuoja-asetuksen mukaisesti suojaamaan j\u00e4sentens\u00e4 yksityisyytt\u00e4 jatarjoamaan heille mahdollisuuden vaikuttaa omien tietojensa k\u00e4sittelyyn. Tietosuojaselosteessa kerromme j\u00e4senillemme yksityiskohtaisesti heid\u00e4n tietojensa k\u00e4sittelyst\u00e4.Seuran k\u00e4ytt\u00e4mien Google-palveluiden osalta noudatetaan yksinomaan Googlen tietosuojaehtoja.Kulloinkin voimssa olevat ehdot ovat luettavissa osoitteessa https:\/\/policies.google.com\/ . Seuran j\u00e4senen on hyv\u00e4ksytt\u00e4v\u00e4 t\u00e4m\u00e4n tietosuojaselosteen ehdot [&hellip;]<\/p>\n","protected":false},"author":1,"featured_media":0,"parent":0,"menu_order":0,"comment_status":"closed","ping_status":"closed","template":"","meta":{"pgc_sgb_lightbox_settings":"","footnotes":""},"class_list":["post-3","page","type-page","status-publish","hentry"],"_links":{"self":[{"href":"https:\/\/turunlennokkiseura.com\/tls\/wp-json\/wp\/v2\/pages\/3","targetHints":{"allow":["GET"]}}],"collection":[{"href":"https:\/\/turunlennokkiseura.com\/tls\/wp-json\/wp\/v2\/pages"}],"about":[{"href":"https:\/\/turunlennokkiseura.com\/tls\/wp-json\/wp\/v2\/types\/page"}],"author":[{"embeddable":true,"href":"https:\/\/turunlennokkiseura.com\/tls\/wp-json\/wp\/v2\/users\/1"}],"replies":[{"embeddable":true,"href":"https:\/\/turunlennokkiseura.com\/tls\/wp-json\/wp\/v2\/comments?post=3"}],"version-history":[{"count":8,"href":"https:\/\/turunlennokkiseura.com\/tls\/wp-json\/wp\/v2\/pages\/3\/revisions"}],"predecessor-version":[{"id":1151,"href":"https:\/\/turunlennokkiseura.com\/tls\/wp-json\/wp\/v2\/pages\/3\/revisions\/1151"}],"wp:attachment":[{"href":"https:\/\/turunlennokkiseura.com\/tls\/wp-json\/wp\/v2\/media?parent=3"}],"curies":[{"name":"wp","href":"https:\/\/api.w.org\/{rel}","templated":true}]}}