



{"id":281,"date":"2023-09-04T00:48:56","date_gmt":"2023-09-03T21:48:56","guid":{"rendered":"https:\/\/turunlennokkiseura.com\/tls\/?page_id=281"},"modified":"2023-09-04T00:48:56","modified_gmt":"2023-09-03T21:48:56","slug":"latausaseman-kayttoohje","status":"publish","type":"page","link":"https:\/\/turunlennokkiseura.com\/tls\/latausaseman-kayttoohje\/","title":{"rendered":"Latausaseman k\u00e4ytt\u00f6ohje"},"content":{"rendered":"\n<p>Kopin sein\u00e4ss\u00e4 olevan paneelin avulla saa virtaa latureihin. Tarvitset vain laturiin sopivan johdon jossa on banaaniliittimet tai banaanirunkoihin sopivat hauenleuat.<\/p>\n\n\n\n<figure class=\"wp-block-image size-large is-resized\"><img loading=\"lazy\" decoding=\"async\" src=\"https:\/\/turunlennokkiseura.com\/tls\/wp-content\/uploads\/2023\/09\/lataus-1024x793.png\" alt=\"\" class=\"wp-image-283\" style=\"width:575px;height:445px\" width=\"575\" height=\"445\" srcset=\"https:\/\/turunlennokkiseura.com\/tls\/wp-content\/uploads\/2023\/09\/lataus-1024x793.png 1024w, https:\/\/turunlennokkiseura.com\/tls\/wp-content\/uploads\/2023\/09\/lataus-300x232.png 300w, https:\/\/turunlennokkiseura.com\/tls\/wp-content\/uploads\/2023\/09\/lataus-768x594.png 768w, https:\/\/turunlennokkiseura.com\/tls\/wp-content\/uploads\/2023\/09\/lataus.png 1155w\" sizes=\"auto, (max-width: 575px) 100vw, 575px\" \/><\/figure>\n\n\n\n<p>K\u00e4\u00e4nn\u00e4 virta p\u00e4\u00e4lle kopin sis\u00e4ll\u00e4 olevasta p\u00e4\u00e4kytkimest\u00e4. T\u00e4ss\u00e4 asennossa p\u00e4\u00e4ll\u00e4:<\/p>\n\n\n\n<figure class=\"wp-block-image size-large is-resized\"><img loading=\"lazy\" decoding=\"async\" src=\"https:\/\/turunlennokkiseura.com\/tls\/wp-content\/uploads\/2023\/09\/lataus_paalla-1024x720.png\" alt=\"\" class=\"wp-image-284\" style=\"width:570px;height:401px\" width=\"570\" height=\"401\" srcset=\"https:\/\/turunlennokkiseura.com\/tls\/wp-content\/uploads\/2023\/09\/lataus_paalla-1024x720.png 1024w, https:\/\/turunlennokkiseura.com\/tls\/wp-content\/uploads\/2023\/09\/lataus_paalla-300x211.png 300w, https:\/\/turunlennokkiseura.com\/tls\/wp-content\/uploads\/2023\/09\/lataus_paalla-768x540.png 768w, https:\/\/turunlennokkiseura.com\/tls\/wp-content\/uploads\/2023\/09\/lataus_paalla.png 1132w\" sizes=\"auto, (max-width: 570px) 100vw, 570px\" \/><\/figure>\n\n\n\n<p>Muista k\u00e4\u00e4nt\u00e4\u00e4 p\u00e4\u00e4kytkin pois- asentoon k\u00e4yt\u00f6n j\u00e4lkeen:<\/p>\n\n\n\n<figure class=\"wp-block-image size-large is-resized\"><img loading=\"lazy\" decoding=\"async\" src=\"https:\/\/turunlennokkiseura.com\/tls\/wp-content\/uploads\/2023\/09\/lataus_pois-1024x723.png\" alt=\"\" class=\"wp-image-285\" style=\"width:568px;height:401px\" width=\"568\" height=\"401\" srcset=\"https:\/\/turunlennokkiseura.com\/tls\/wp-content\/uploads\/2023\/09\/lataus_pois-1024x723.png 1024w, https:\/\/turunlennokkiseura.com\/tls\/wp-content\/uploads\/2023\/09\/lataus_pois-300x212.png 300w, https:\/\/turunlennokkiseura.com\/tls\/wp-content\/uploads\/2023\/09\/lataus_pois-768x542.png 768w, https:\/\/turunlennokkiseura.com\/tls\/wp-content\/uploads\/2023\/09\/lataus_pois.png 1225w\" sizes=\"auto, (max-width: 568px) 100vw, 568px\" \/><\/figure>\n\n\n\n<p>Jos sulake menee, ota yhteytt\u00e4 kentt\u00e4mestariin.<\/p>\n\n\n\n<p><\/p>\n\n\n\n<p><\/p>\n","protected":false},"excerpt":{"rendered":"<p>Kopin sein\u00e4ss\u00e4 olevan paneelin avulla saa virtaa latureihin. Tarvitset vain laturiin sopivan johdon jossa on banaaniliittimet tai banaanirunkoihin sopivat hauenleuat. K\u00e4\u00e4nn\u00e4 virta p\u00e4\u00e4lle kopin sis\u00e4ll\u00e4 olevasta p\u00e4\u00e4kytkimest\u00e4. T\u00e4ss\u00e4 asennossa p\u00e4\u00e4ll\u00e4: Muista k\u00e4\u00e4nt\u00e4\u00e4 p\u00e4\u00e4kytkin pois- asentoon k\u00e4yt\u00f6n j\u00e4lkeen: Jos sulake menee, ota yhteytt\u00e4 kentt\u00e4mestariin.<\/p>\n","protected":false},"author":1,"featured_media":0,"parent":0,"menu_order":0,"comment_status":"closed","ping_status":"closed","template":"","meta":{"pgc_sgb_lightbox_settings":"","footnotes":""},"class_list":["post-281","page","type-page","status-publish","hentry"],"_links":{"self":[{"href":"https:\/\/turunlennokkiseura.com\/tls\/wp-json\/wp\/v2\/pages\/281","targetHints":{"allow":["GET"]}}],"collection":[{"href":"https:\/\/turunlennokkiseura.com\/tls\/wp-json\/wp\/v2\/pages"}],"about":[{"href":"https:\/\/turunlennokkiseura.com\/tls\/wp-json\/wp\/v2\/types\/page"}],"author":[{"embeddable":true,"href":"https:\/\/turunlennokkiseura.com\/tls\/wp-json\/wp\/v2\/users\/1"}],"replies":[{"embeddable":true,"href":"https:\/\/turunlennokkiseura.com\/tls\/wp-json\/wp\/v2\/comments?post=281"}],"version-history":[{"count":2,"href":"https:\/\/turunlennokkiseura.com\/tls\/wp-json\/wp\/v2\/pages\/281\/revisions"}],"predecessor-version":[{"id":287,"href":"https:\/\/turunlennokkiseura.com\/tls\/wp-json\/wp\/v2\/pages\/281\/revisions\/287"}],"wp:attachment":[{"href":"https:\/\/turunlennokkiseura.com\/tls\/wp-json\/wp\/v2\/media?parent=281"}],"curies":[{"name":"wp","href":"https:\/\/api.w.org\/{rel}","templated":true}]}}