



{"id":24,"date":"2023-07-08T22:24:08","date_gmt":"2023-07-08T19:24:08","guid":{"rendered":"https:\/\/turunlennokkiseura.com\/tls\/?page_id=24"},"modified":"2025-12-10T23:42:57","modified_gmt":"2025-12-10T20:42:57","slug":"jaseneksi","status":"publish","type":"page","link":"https:\/\/turunlennokkiseura.com\/tls\/jaseneksi\/","title":{"rendered":"J\u00e4seneksi"},"content":{"rendered":"\n<p>J\u00e4seneksi liittyminen tapahtuu maksamalla j\u00e4senmaksu seuran tilille ja samalla l\u00e4hett\u00e4m\u00e4ll\u00e4 v\u00e4ltt\u00e4m\u00e4tt\u00f6m\u00e4t tiedot seuran j\u00e4senasioista vastaavalle.<\/p>\n\n\n\n<p>Seuran tilitiedot ovat seuraavat:<br>&#8211; Pankki: POP Pankki<br>&#8211; Tilinumero: FI83 4713 0010 0762 55<\/p>\n\n\n\n<p>J\u00e4senmaksun suuruus vuonna 2026 on aikuisilta 100\u20ac ja alle 17 vuotiailta 20\u20ac. Kannatusj\u00e4senmaksu ilman lenn\u00e4tysoikeutta Paattisilla 40\u20ac<\/p>\n\n\n\n<p>J\u00e4senmaksusta ei l\u00e4hetet\u00e4 erillist\u00e4 pankkisiirtoa.&nbsp;<\/p>\n\n\n\n<p><a href=\"\/dokumentit\/tls_saannot.pdf\" data-type=\"link\" data-id=\"\/dokumentit\/TLS_saannot.pdf\" target=\"_blank\" rel=\"noreferrer noopener\">Turun Lennokkiseuran s\u00e4\u00e4nn\u00f6t<\/a><\/p>\n\n\n\n<p><strong>T\u00e4rke\u00e4t\u00e4:<\/strong> Jotta saamme tiedonkulun hoidettua, tarvitsemme my\u00f6s seuraavat tiedot:<br>Nimesi, osoitteesi, sek\u00e4 puhelinnumerosi ja s\u00e4hk\u00f6postiosoitteesi (j\u00e4senkirje l\u00e4hetet\u00e4\u00e4n vain s\u00e4hk\u00f6isesti). Anna tietosi alla olevan lomakkeen kautta. <\/p>\n\n\n\n<p>Tiedonkulun pyrimme hoitamaan s\u00e4hk\u00f6postin kautta.<\/p>\n\n\n\n<div class=\"wp-block-contact-form-7-contact-form-selector\">\n<div class=\"wpcf7 no-js\" id=\"wpcf7-f29-o1\" lang=\"fi\" dir=\"ltr\" data-wpcf7-id=\"29\">\n<div class=\"screen-reader-response\"><p role=\"status\" aria-live=\"polite\" aria-atomic=\"true\"><\/p> <ul><\/ul><\/div>\n<form action=\"\/tls\/wp-json\/wp\/v2\/pages\/24#wpcf7-f29-o1\" method=\"post\" class=\"wpcf7-form init\" aria-label=\"Yhteydenottolomake\" novalidate=\"novalidate\" data-status=\"init\">\n<fieldset class=\"hidden-fields-container\"><input type=\"hidden\" name=\"_wpcf7\" value=\"29\" \/><input type=\"hidden\" name=\"_wpcf7_version\" value=\"6.1.5\" \/><input type=\"hidden\" name=\"_wpcf7_locale\" value=\"fi\" \/><input type=\"hidden\" name=\"_wpcf7_unit_tag\" value=\"wpcf7-f29-o1\" \/><input type=\"hidden\" name=\"_wpcf7_container_post\" value=\"0\" \/><input type=\"hidden\" name=\"_wpcf7_posted_data_hash\" value=\"\" \/><input type=\"hidden\" name=\"_wpcf7_recaptcha_response\" value=\"\" \/>\n<\/fieldset>\n<input class=\"wpcf7-form-control wpcf7-hidden\" value=\"J\u00e4sentietojen p\u00e4ivitys\" type=\"hidden\" name=\"aihe\" \/>\n<p><label>Oma s\u00e4hk\u00f6postiosoite<br \/>\n<span class=\"wpcf7-form-control-wrap\" data-name=\"email\"><input size=\"40\" maxlength=\"400\" class=\"wpcf7-form-control wpcf7-email wpcf7-validates-as-required wpcf7-text wpcf7-validates-as-email\" aria-required=\"true\" aria-invalid=\"false\" value=\"\" type=\"email\" name=\"email\" \/><\/span> <\/label><br \/>\n<label>S\u00e4hk\u00f6posti johon haluat TLS ry tiedotteet. T\u00e4yt\u00e4 vain jos eri kuin yll\u00e4 oleva.<br \/>\n<span class=\"wpcf7-form-control-wrap\" data-name=\"email-info\"><input size=\"40\" maxlength=\"400\" class=\"wpcf7-form-control wpcf7-email wpcf7-validates-as-required wpcf7-text wpcf7-validates-as-email\" aria-required=\"true\" aria-invalid=\"false\" value=\"\" type=\"email\" name=\"email-info\" \/><\/span> <\/label><br \/>\n<label>Etunimi<br \/>\n<span class=\"wpcf7-form-control-wrap\" data-name=\"etunimi\"><input size=\"40\" maxlength=\"400\" class=\"wpcf7-form-control wpcf7-text wpcf7-validates-as-required\" aria-required=\"true\" aria-invalid=\"false\" value=\"\" type=\"text\" name=\"etunimi\" \/><\/span> <\/label><br \/>\n<label>Sukunimi<br \/>\n<span class=\"wpcf7-form-control-wrap\" data-name=\"sukunimi\"><input size=\"40\" maxlength=\"400\" class=\"wpcf7-form-control wpcf7-text wpcf7-validates-as-required\" aria-required=\"true\" aria-invalid=\"false\" value=\"\" type=\"text\" name=\"sukunimi\" \/><\/span> <\/label><br \/>\n<label>Puhelinnumero<br \/>\n<span class=\"wpcf7-form-control-wrap\" data-name=\"puhelinnumero\"><input size=\"40\" maxlength=\"400\" class=\"wpcf7-form-control wpcf7-tel wpcf7-validates-as-required wpcf7-text wpcf7-validates-as-tel\" aria-required=\"true\" aria-invalid=\"false\" value=\"\" type=\"tel\" name=\"puhelinnumero\" \/><\/span> <\/label><br \/>\n<label>Katuosoite<br \/>\n<span class=\"wpcf7-form-control-wrap\" data-name=\"katuosoite\"><input size=\"40\" maxlength=\"400\" class=\"wpcf7-form-control wpcf7-text wpcf7-validates-as-required\" aria-required=\"true\" aria-invalid=\"false\" value=\"\" type=\"text\" name=\"katuosoite\" \/><\/span> <\/label><br \/>\n<label>Postinumero<br \/>\n<span class=\"wpcf7-form-control-wrap\" data-name=\"postinumero\"><input size=\"40\" maxlength=\"400\" class=\"wpcf7-form-control wpcf7-text wpcf7-validates-as-required\" aria-required=\"true\" aria-invalid=\"false\" value=\"\" type=\"text\" name=\"postinumero\" \/><\/span> <\/label><br \/>\n<label>Kaupunki<br \/>\n<span class=\"wpcf7-form-control-wrap\" data-name=\"kaupunki\"><input size=\"40\" maxlength=\"400\" class=\"wpcf7-form-control wpcf7-text wpcf7-validates-as-required\" aria-required=\"true\" aria-invalid=\"false\" value=\"\" type=\"text\" name=\"kaupunki\" \/><\/span> <\/label><br \/>\n<label>J\u00e4senyys<br \/>\n<span class=\"wpcf7-form-control-wrap\" data-name=\"jasenyys\"><select class=\"wpcf7-form-control wpcf7-select\" aria-invalid=\"false\" name=\"jasenyys\"><option value=\"Varsinainen j\u00e4sen\">Varsinainen j\u00e4sen<\/option><option value=\"Juniorij\u00e4sen\">Juniorij\u00e4sen<\/option><option value=\"Kannatusj\u00e4sen\">Kannatusj\u00e4sen<\/option><\/select><\/span> <\/label><br \/>\n<label>Kehitysehdotus tai muuta mieleen tulevaa<br \/>\n<span class=\"wpcf7-form-control-wrap\" data-name=\"viesti\"><textarea cols=\"40\" rows=\"10\" maxlength=\"2000\" class=\"wpcf7-form-control wpcf7-textarea\" aria-invalid=\"false\" name=\"viesti\"><\/textarea><\/span> <\/label>\n<\/p>\n<p><input class=\"wpcf7-form-control wpcf7-submit has-spinner\" type=\"submit\" value=\"L\u00e4het\u00e4\" \/>\n<\/p><p style=\"display: none !important;\" class=\"akismet-fields-container\" data-prefix=\"_wpcf7_ak_\"><label>&#916;<textarea name=\"_wpcf7_ak_hp_textarea\" cols=\"45\" rows=\"8\" maxlength=\"100\"><\/textarea><\/label><input type=\"hidden\" id=\"ak_js_1\" name=\"_wpcf7_ak_js\" value=\"194\"\/><script>\ndocument.getElementById( \"ak_js_1\" ).setAttribute( \"value\", ( new Date() ).getTime() );\n<\/script>\n<\/p><div class=\"wpcf7-response-output\" aria-hidden=\"true\"><\/div>\n<\/form>\n<\/div>\n<\/div>\n\n\n\n<p><\/p>\n","protected":false},"excerpt":{"rendered":"<p>J\u00e4seneksi liittyminen tapahtuu maksamalla j\u00e4senmaksu seuran tilille ja samalla l\u00e4hett\u00e4m\u00e4ll\u00e4 v\u00e4ltt\u00e4m\u00e4tt\u00f6m\u00e4t tiedot seuran j\u00e4senasioista vastaavalle. Seuran tilitiedot ovat seuraavat:&#8211; Pankki: POP Pankki&#8211; Tilinumero: FI83 4713 0010 0762 55 J\u00e4senmaksun suuruus vuonna 2026 on aikuisilta 100\u20ac ja alle 17 vuotiailta 20\u20ac. Kannatusj\u00e4senmaksu ilman lenn\u00e4tysoikeutta Paattisilla 40\u20ac J\u00e4senmaksusta ei l\u00e4hetet\u00e4 erillist\u00e4 pankkisiirtoa.&nbsp; Turun Lennokkiseuran s\u00e4\u00e4nn\u00f6t T\u00e4rke\u00e4t\u00e4: Jotta [&hellip;]<\/p>\n","protected":false},"author":1,"featured_media":0,"parent":0,"menu_order":0,"comment_status":"closed","ping_status":"closed","template":"","meta":{"pgc_sgb_lightbox_settings":"","footnotes":""},"class_list":["post-24","page","type-page","status-publish","hentry"],"_links":{"self":[{"href":"https:\/\/turunlennokkiseura.com\/tls\/wp-json\/wp\/v2\/pages\/24","targetHints":{"allow":["GET"]}}],"collection":[{"href":"https:\/\/turunlennokkiseura.com\/tls\/wp-json\/wp\/v2\/pages"}],"about":[{"href":"https:\/\/turunlennokkiseura.com\/tls\/wp-json\/wp\/v2\/types\/page"}],"author":[{"embeddable":true,"href":"https:\/\/turunlennokkiseura.com\/tls\/wp-json\/wp\/v2\/users\/1"}],"replies":[{"embeddable":true,"href":"https:\/\/turunlennokkiseura.com\/tls\/wp-json\/wp\/v2\/comments?post=24"}],"version-history":[{"count":10,"href":"https:\/\/turunlennokkiseura.com\/tls\/wp-json\/wp\/v2\/pages\/24\/revisions"}],"predecessor-version":[{"id":1645,"href":"https:\/\/turunlennokkiseura.com\/tls\/wp-json\/wp\/v2\/pages\/24\/revisions\/1645"}],"wp:attachment":[{"href":"https:\/\/turunlennokkiseura.com\/tls\/wp-json\/wp\/v2\/media?parent=24"}],"curies":[{"name":"wp","href":"https:\/\/api.w.org\/{rel}","templated":true}]}}