



{"id":20,"date":"2023-07-08T22:21:41","date_gmt":"2023-07-08T19:21:41","guid":{"rendered":"https:\/\/turunlennokkiseura.com\/tls\/?page_id=20"},"modified":"2025-07-22T13:13:40","modified_gmt":"2025-07-22T10:13:40","slug":"apua-aloittelijalle","status":"publish","type":"page","link":"https:\/\/turunlennokkiseura.com\/tls\/apua-aloittelijalle\/","title":{"rendered":"Apua aloittelijalle"},"content":{"rendered":"\n<p>Turun Lennokkiseuran tavoitteena on luoda mahdollisuus kaikille RC-lenn\u00e4tyksest\u00e4 todella kiinnostuneille &#8221;p\u00e4\u00e4st\u00e4 siivilleen&#8221;.<\/p>\n\n\n\n<p>Lenn\u00e4tyskent\u00e4n lis\u00e4ksi voimme kes\u00e4kausina tarjota opastusta tietyin rajauksin ensimm\u00e4isiin lenn\u00e4tyksiin. Kokemuksesta tiedet\u00e4\u00e4n, ett\u00e4 ensilennot kokeneen lenn\u00e4tt\u00e4j\u00e4n kanssa opetusradioita k\u00e4ytt\u00e4en s\u00e4\u00e4st\u00e4v\u00e4t varmoilta ja turhilta murheilta heti ilmailu-uran aluksi.<\/p>\n\n\n\n<p>K\u00e4yt\u00e4nn\u00f6n opetus tapahtuu seuran omalla polttomoottorik\u00e4ytt\u00f6isell\u00e4 harjoituslennokilla ja ainakin alkuun kentt\u00e4mestareiden toimesta.<\/p>\n\n\n\n<p>Ota yhteytt\u00e4 <a href=\"https:\/\/turunlennokkiseura.com\/tls\/yhteystiedot\/\" data-type=\"page\" data-id=\"157\">Yhteystiedot<\/a> ja sovi tapaamisesta ja opetuslenn\u00e4tyksest\u00e4.<\/p>\n\n\n\n<figure class=\"wp-block-image size-full\"><img loading=\"lazy\" decoding=\"async\" width=\"960\" height=\"320\" src=\"https:\/\/turunlennokkiseura.com\/tls\/wp-content\/uploads\/2023\/07\/image_960_320.jpg\" alt=\"\" class=\"wp-image-35\" srcset=\"https:\/\/turunlennokkiseura.com\/tls\/wp-content\/uploads\/2023\/07\/image_960_320.jpg 960w, https:\/\/turunlennokkiseura.com\/tls\/wp-content\/uploads\/2023\/07\/image_960_320-300x100.jpg 300w, https:\/\/turunlennokkiseura.com\/tls\/wp-content\/uploads\/2023\/07\/image_960_320-768x256.jpg 768w\" sizes=\"auto, (max-width: 960px) 100vw, 960px\" \/><\/figure>\n\n\n\n<p>Seuran omistama harjoituslennokki. <a href=\"https:\/\/youtu.be\/yO7zBOj127c\" target=\"_blank\" rel=\"noreferrer noopener\">Katso youtube video t\u00e4st\u00e4<\/a><\/p>\n\n\n\n<p><a href=\"https:\/\/turunlennokkiseura.com\/tls\/wp-content\/uploads\/2024\/05\/tervetuloa_lennattamaan_2024.pdf\" data-type=\"attachment\" data-id=\"1147\" target=\"_blank\" rel=\"noreferrer noopener\">Turun Lennokkiseura esite<\/a><\/p>\n","protected":false},"excerpt":{"rendered":"<p>Turun Lennokkiseuran tavoitteena on luoda mahdollisuus kaikille RC-lenn\u00e4tyksest\u00e4 todella kiinnostuneille &#8221;p\u00e4\u00e4st\u00e4 siivilleen&#8221;. Lenn\u00e4tyskent\u00e4n lis\u00e4ksi voimme kes\u00e4kausina tarjota opastusta tietyin rajauksin ensimm\u00e4isiin lenn\u00e4tyksiin. Kokemuksesta tiedet\u00e4\u00e4n, ett\u00e4 ensilennot kokeneen lenn\u00e4tt\u00e4j\u00e4n kanssa opetusradioita k\u00e4ytt\u00e4en s\u00e4\u00e4st\u00e4v\u00e4t varmoilta ja turhilta murheilta heti ilmailu-uran aluksi. K\u00e4yt\u00e4nn\u00f6n opetus tapahtuu seuran omalla polttomoottorik\u00e4ytt\u00f6isell\u00e4 harjoituslennokilla ja ainakin alkuun kentt\u00e4mestareiden toimesta. Ota yhteytt\u00e4 Yhteystiedot ja [&hellip;]<\/p>\n","protected":false},"author":1,"featured_media":0,"parent":0,"menu_order":0,"comment_status":"closed","ping_status":"closed","template":"","meta":{"pgc_sgb_lightbox_settings":"","footnotes":""},"class_list":["post-20","page","type-page","status-publish","hentry"],"_links":{"self":[{"href":"https:\/\/turunlennokkiseura.com\/tls\/wp-json\/wp\/v2\/pages\/20","targetHints":{"allow":["GET"]}}],"collection":[{"href":"https:\/\/turunlennokkiseura.com\/tls\/wp-json\/wp\/v2\/pages"}],"about":[{"href":"https:\/\/turunlennokkiseura.com\/tls\/wp-json\/wp\/v2\/types\/page"}],"author":[{"embeddable":true,"href":"https:\/\/turunlennokkiseura.com\/tls\/wp-json\/wp\/v2\/users\/1"}],"replies":[{"embeddable":true,"href":"https:\/\/turunlennokkiseura.com\/tls\/wp-json\/wp\/v2\/comments?post=20"}],"version-history":[{"count":8,"href":"https:\/\/turunlennokkiseura.com\/tls\/wp-json\/wp\/v2\/pages\/20\/revisions"}],"predecessor-version":[{"id":1530,"href":"https:\/\/turunlennokkiseura.com\/tls\/wp-json\/wp\/v2\/pages\/20\/revisions\/1530"}],"wp:attachment":[{"href":"https:\/\/turunlennokkiseura.com\/tls\/wp-json\/wp\/v2\/media?parent=20"}],"curies":[{"name":"wp","href":"https:\/\/api.w.org\/{rel}","templated":true}]}}