



{"id":16,"date":"2023-07-08T22:20:20","date_gmt":"2023-07-08T19:20:20","guid":{"rendered":"https:\/\/turunlennokkiseura.com\/tls\/?page_id=16"},"modified":"2025-12-10T23:43:24","modified_gmt":"2025-12-10T20:43:24","slug":"seura","status":"publish","type":"page","link":"https:\/\/turunlennokkiseura.com\/tls\/seura\/","title":{"rendered":"Seura"},"content":{"rendered":"\n<p>Turun Lennokkiseura r.y. (TLS) on perustettu 1984 harrastajien toimesta edist\u00e4m\u00e4\u00e4n lennokkiurheilua ja alan harrastusta Turussa. Nykyisin seuran t\u00e4rkein teht\u00e4v\u00e4 on lennokkikent\u00e4n yll\u00e4pito ja kehitt\u00e4minen Turun Paattisilla. Kentt\u00e4alue on vuokrattu Turun kaupungilta ja kent\u00e4ll\u00e4 lenn\u00e4tt\u00e4minen edellytt\u00e4\u00e4 j\u00e4senyytt\u00e4 seurassa.<\/p>\n\n\n\n<p>Paattisten kentt\u00e4alue suojavy\u00f6hykkeineen on varattu vain lennokki-ilmailuun. Kent\u00e4ll\u00e4 on my\u00f6s 100 metri\u00e4 pitk\u00e4 asfaltoitu kiitorata.<\/p>\n\n\n\n<p>Talvisin seura vuokraa satunnaisesti hallitilaa sis\u00e4lenn\u00e4tyksi\u00e4 varten.<\/p>\n\n\n\n<p>TLS:lla on noin 120 j\u00e4sent\u00e4, joiden kiinnostus ja kalusto kattavat useimmat RC-ilmailun lajit.<br>Seuralla ei ole omia rakentelu- tai kerhotiloja. Rakentelutoimintaa j\u00e4rjest\u00e4\u00e4 esimerkiksi Turun lentokerhon lennokkijaos ja Raision seurakunnan lennokkikerho. <\/p>\n\n\n\n<p><a href=\"\/dokumentit\/tls_saannot.pdf\" data-type=\"link\" data-id=\"\/dokumentit\/TLS_saannot.pdf\" target=\"_blank\" rel=\"noreferrer noopener\">Turun Lennokkiseuran s\u00e4\u00e4nn\u00f6t<\/a><\/p>\n\n\n\n<p><\/p>\n","protected":false},"excerpt":{"rendered":"<p>Turun Lennokkiseura r.y. (TLS) on perustettu 1984 harrastajien toimesta edist\u00e4m\u00e4\u00e4n lennokkiurheilua ja alan harrastusta Turussa. Nykyisin seuran t\u00e4rkein teht\u00e4v\u00e4 on lennokkikent\u00e4n yll\u00e4pito ja kehitt\u00e4minen Turun Paattisilla. Kentt\u00e4alue on vuokrattu Turun kaupungilta ja kent\u00e4ll\u00e4 lenn\u00e4tt\u00e4minen edellytt\u00e4\u00e4 j\u00e4senyytt\u00e4 seurassa. Paattisten kentt\u00e4alue suojavy\u00f6hykkeineen on varattu vain lennokki-ilmailuun. Kent\u00e4ll\u00e4 on my\u00f6s 100 metri\u00e4 pitk\u00e4 asfaltoitu kiitorata. Talvisin seura vuokraa [&hellip;]<\/p>\n","protected":false},"author":1,"featured_media":0,"parent":0,"menu_order":0,"comment_status":"closed","ping_status":"closed","template":"","meta":{"pgc_sgb_lightbox_settings":"","footnotes":""},"class_list":["post-16","page","type-page","status-publish","hentry"],"_links":{"self":[{"href":"https:\/\/turunlennokkiseura.com\/tls\/wp-json\/wp\/v2\/pages\/16","targetHints":{"allow":["GET"]}}],"collection":[{"href":"https:\/\/turunlennokkiseura.com\/tls\/wp-json\/wp\/v2\/pages"}],"about":[{"href":"https:\/\/turunlennokkiseura.com\/tls\/wp-json\/wp\/v2\/types\/page"}],"author":[{"embeddable":true,"href":"https:\/\/turunlennokkiseura.com\/tls\/wp-json\/wp\/v2\/users\/1"}],"replies":[{"embeddable":true,"href":"https:\/\/turunlennokkiseura.com\/tls\/wp-json\/wp\/v2\/comments?post=16"}],"version-history":[{"count":13,"href":"https:\/\/turunlennokkiseura.com\/tls\/wp-json\/wp\/v2\/pages\/16\/revisions"}],"predecessor-version":[{"id":1646,"href":"https:\/\/turunlennokkiseura.com\/tls\/wp-json\/wp\/v2\/pages\/16\/revisions\/1646"}],"wp:attachment":[{"href":"https:\/\/turunlennokkiseura.com\/tls\/wp-json\/wp\/v2\/media?parent=16"}],"curies":[{"name":"wp","href":"https:\/\/api.w.org\/{rel}","templated":true}]}}