



{"id":117,"date":"2023-07-09T00:05:30","date_gmt":"2023-07-08T21:05:30","guid":{"rendered":"https:\/\/turunlennokkiseura.com\/tls\/?page_id=117"},"modified":"2025-12-08T02:34:17","modified_gmt":"2025-12-07T23:34:17","slug":"paattisten-lennokkikentan-toiminta-ja-turvallisuusohjeet","status":"publish","type":"page","link":"https:\/\/turunlennokkiseura.com\/tls\/paattisten-lennokkikentan-toiminta-ja-turvallisuusohjeet\/","title":{"rendered":"Paattisten lennokkikent\u00e4n toiminta- ja turvallisuusohjeet"},"content":{"rendered":"\n<p>versio 3<br>02.11.2025<\/p>\n\n\n\n<h4 class=\"wp-block-heading\">Kent\u00e4n k\u00e4ytt\u00f6oikeus<\/h4>\n\n\n\n<p>Lennokkikentt\u00e4\u00e4 voivat k\u00e4ytt\u00e4\u00e4:<\/p>\n\n\n\n<p>A) Kaikki TLS ry:n j\u00e4senmaksunsa maksaneet ja operaattoreiksi\/lenn\u00e4tt\u00e4jiksi Traficomin rekister\u00f6im\u00e4t j\u00e4senet. Kamerattomia, alle 250 g painoisten lennokkien lenn\u00e4tt\u00e4jilt\u00e4 ei vaadita rekister\u00f6itymist\u00e4, mutta seura suosittelee sit\u00e4.<\/p>\n\n\n\n<p>B) Puolustusvoimien, Poliisin ja PePa:n operaattorit, virkateht\u00e4vien suorittamiseen t\u00e4ht\u00e4\u00e4viss\u00e4 lenn\u00e4tysharjoituksissa, sovitusti TLS ry:n kanssa.<\/p>\n\n\n\n<p>C) TLS ry:n kutsumat seuran ulkopuoliset lenn\u00e4tt\u00e4j\u00e4vieraat edellytt\u00e4en, ett\u00e4 he ovat joko itse operaattoreiksi rekister\u00f6ityneit\u00e4 tai lenn\u00e4tt\u00e4v\u00e4t TLS ry:n rekister\u00f6ityneen j\u00e4senen vastuulla ja operaattorinumerolla esim. kilpailuissa, koulutuksissa, harjoituksissa tai muissa tapahtumissa. Kaikilta muilta lenn\u00e4tt\u00e4jilt\u00e4 on Paattisten lennokkikent\u00e4n k\u00e4ytt\u00f6 turvallisuus- ja vastuusyist\u00e4 KIELLETTY.<\/p>\n\n\n\n<h4 class=\"wp-block-heading\">Lenn\u00e4tt\u00e4miseen k\u00e4ytett\u00e4v\u00e4 ilmatila<\/h4>\n\n\n\n<p>Paattisen lenn\u00e4tyskentt\u00e4 on EASA (EU) 2019\/947 artikla 15:n 2. kohdan mukaisen sallivan UAS-ilmatilavy\u00f6hykkeen k\u00e4ytt\u00f6\u00e4 varten m\u00e4\u00e4ritelty lenn\u00e4tyskentt\u00e4, jonka vahvistaa Traficomin ilmailum\u00e4\u00e4r\u00e4ys OPS M1-29 ja jota hallinnoi TLS ry n\u00e4ill\u00e4 kentt\u00e4s\u00e4\u00e4nn\u00f6ill\u00e4, sek\u00e4 niiden noudattamisen valvonnalla. Lenn\u00e4tystoiminnassa on huomioitava ilmailu- ja muiden viranomaism\u00e4\u00e4r\u00e4yksien sek\u00e4 lakien asettamat velvoitteet. Kent\u00e4n ilmatila on Turun lennonjohdon l\u00e4hialuetta (CTR) joka on maahan saakka valvottua D-luokan ilmatilaa. T\u00e4st\u00e4 johtuen lenn\u00e4tt\u00e4minen on huomattavasti rajoitetumpaa kuin valvomattomassa ilmatilassa, johtuen lentokent\u00e4lle saapuvista ja sielt\u00e4 starttaavista miehitetyist\u00e4 lentokoneista ja niiden porrastustarpeista.<\/p>\n\n\n\n<p>Salliva UAS-ilmatilavy\u00f6hyke tarjoaa erikseen m\u00e4\u00e4riteltyj\u00e4 vapauksia komission t\u00e4yt\u00e4nt\u00f6\u00f6npanoasetuksen mukaisesta UAS-kategoriasta &#8221;avoin&#8221;, mutta vain kun toiminta on kentt\u00e4s\u00e4\u00e4nt\u00f6jen alaista ja lenn\u00e4tys tapahtuu m\u00e4\u00e4ritellylt\u00e4, Paattisten lenn\u00e4tyskent\u00e4n lenn\u00e4tysalueelta k\u00e4sin (kts. kentt\u00e4kartta). M\u00e4\u00e4ritellyn lenn\u00e4tysalueen ulkopuolella lenn\u00e4tett\u00e4ess\u00e4 salliva UAS-ilmatilavy\u00f6hyke ei ole voimassa ja lenn\u00e4tystoiminnassa on noudatettava UAS kategorian &#8221;avoin&#8221; s\u00e4\u00e4nt\u00f6j\u00e4..<\/p>\n\n\n\n<p>Lenn\u00e4tyst\u00e4 ei tarvitse koordinoida Turun l\u00e4hilennonjohdon kanssa kun se tapahtuu 0 &#8211; 120m AGL. Jos korkeutta tarvitaan enemm\u00e4n, v\u00e4liaikainen enint\u00e4\u00e4n 300 m ilmatilavaraus tehd\u00e4\u00e4n s\u00e4hk\u00f6postilla seuran nettisivujen kautta v\u00e4hint\u00e4\u00e4n tuntia ennen korotetun toiminnan alkamisaikaa. Toiminnan alkaessa soita lennokkikent\u00e4n puhelimella Turun l\u00e4hilennonjohtoon 02-4154802. Kerro aloitus ja lopetusaika sek\u00e4 pid\u00e4 puhelin p\u00e4\u00e4ll\u00e4, l\u00e4hell\u00e4 ja soitto\u00e4\u00e4ni kovalla koko toiminnan ajan silt\u00e4 varalta, ett\u00e4 lennonjohto haluaa soittaa takaisin. Muista aina my\u00f6s soittaa lopetusilmoitus toiminnan p\u00e4\u00e4ttyess\u00e4. Yll\u00e4pito luo l\u00e4hetykseen tarvittavat tunnukset.<\/p>\n\n\n\n<p>Lenn\u00e4tys on kielletty kentt\u00e4karttaan merkittyjen alueiden sek\u00e4 tapahtumien aikana erikseen rajattujen alueiden yl\u00e4puolella.<\/p>\n\n\n\n<h4 class=\"wp-block-heading\">Lenn\u00e4tysajat<\/h4>\n\n\n\n<p>Polttomoottorilennokkien lenn\u00e4tys on kielletty kaikkina p\u00e4ivin\u00e4 klo 21:00\u201309:00 v\u00e4lisen\u00e4 aikana. Muilla kuin polttomoottorilennokeilla voidaan lenn\u00e4tt\u00e4\u00e4 kaikkina aikoina. Polttomoottorilla varustettua lennokkia lenn\u00e4tett\u00e4ess\u00e4 on k\u00e4ytett\u00e4v\u00e4 tehokasta \u00e4\u00e4nenvaimennusta, mik\u00e4li se on teknisesti mahdollista ja moottoriin rakenteeseen suunniteltu. Kova\u00e4\u00e4nisten s\u00e4hk\u00f6lennokkien tulee my\u00f6s noudattaa polttomoottorik\u00e4yt\u00f6n aikarajoja. Noudata aina annettuja aikoja. Kilpailujen ja muiden tapahtumien aikana kent\u00e4n k\u00e4ytt\u00f6 on muulta kuin tapahtumaan liittyv\u00e4lt\u00e4 lenn\u00e4tystoiminnalta suljettu.<\/p>\n\n\n\n<h4 class=\"wp-block-heading\">Lenn\u00e4tt\u00e4j\u00e4n vastuu<\/h4>\n\n\n\n<p>Kukin lenn\u00e4tt\u00e4\u00e4 aina omalla vastuullaan. Lenn\u00e4tt\u00e4j\u00e4n on itse huolehdittava, ett\u00e4 lenn\u00e4tys voi tapahtua turvallisesti siten ett\u00e4 miehitetty lentoliikenne eiv\u00e4tk\u00e4 maanpinnalla olevat ihmiset tai omaisuus vaarannu.<\/p>\n\n\n\n<p>Lennokkien ON KAIKISSA TILANTEISSA V\u00c4ISTETT\u00c4V\u00c4 MIEHITETTYJ\u00c4 SEK\u00c4 VIRKATEHT\u00c4VISS\u00c4 LENT\u00c4VI\u00c4 MIEHITT\u00c4M\u00c4TT\u00d6MI\u00c4 ILMA-ALUKSIA.<\/p>\n\n\n\n<p>Niit\u00e4 voi lennokkikent\u00e4n ilmatilassa milloin tahansa lent\u00e4\u00e4, koska salliva UAS-ilmatila ei mill\u00e4\u00e4n tavalla rajoita muuta ilmailua, ainoastaan tiedottaa mahdollisesta lennokkitoiminnasta. Kaikkien kent\u00e4ll\u00e4 olijoiden on kuunneltava ja t\u00e4hystett\u00e4v\u00e4 ilmatilaa mahdollisesti l\u00e4hestyvien ilma-aluksien havaitsemiseksi, ja n\u00e4it\u00e4 havaitessaan tiedotettava n\u00e4ist\u00e4 parhaillaan lenn\u00e4tt\u00e4ville tai starttaaville lenn\u00e4tt\u00e4jille kuuluvalla \u00e4\u00e4nell\u00e4. Seura suosittelee kaikille j\u00e4senille lennokin tyypist\u00e4 riippumatta rekister\u00f6itymist\u00e4, nettitentti\u00e4 ja lennokkitoiminnan kattavaa kolmannen osapuolen vastuuvakuutusta. Esim. Suomen Ilmailuliiton (SIL) j\u00e4senyyteen sis\u00e4ltyy t\u00e4llainen vakuutus.<\/p>\n\n\n\n<h4 class=\"wp-block-heading\">Toiminta kent\u00e4ll\u00e4 ja sinne tultaessa<\/h4>\n\n\n\n<p>Sakontiell\u00e4 voimassa olevaa 30 km\/h nopeusrajoitusta noudatetaan. Ajoneuvot on pys\u00e4k\u00f6it\u00e4v\u00e4 niille varatulle alueelle. Ajoneuvolla ajo kentt\u00e4alueella on ehdottomasti kielletty, pois lukien karttaan merkityll\u00e4 alueella ohjatusti lenn\u00e4tystapahtumien aikana, jos varsinainen pys\u00e4k\u00f6intialue t\u00e4yttyy autoista.<\/p>\n\n\n\n<p>Muoviaidalla rajatulta varikkoalueelta lentoonl\u00e4ht\u00f6- ja laskualueelle saavat lenn\u00e4tystoiminnan aikana menn\u00e4 vain lenn\u00e4tt\u00e4j\u00e4t ja heid\u00e4n avustajansa. Katsojien tulee pysy\u00e4 varikkoalueella. Varikkoalueella k\u00e4ynnistetty lennokki tulee siirt\u00e4\u00e4 turvallisesti, siit\u00e4 kiinni pit\u00e4en, joko kantamalla, vet\u00e4m\u00e4ll\u00e4 tai ty\u00f6nt\u00e4m\u00e4ll\u00e4 sivuvakaajasta tai avustajan avulla, lenn\u00e4tysalueelle. Ellet itse lenn\u00e4t\u00e4, puutu vaarallisiin ep\u00e4kohtiin v\u00e4litt\u00f6m\u00e4sti ja auta lenn\u00e4tt\u00e4ji\u00e4 lenn\u00e4tt\u00e4m\u00e4\u00e4n turvallisesti. Pyyd\u00e4 apua tarvittaessa, Turun Lennokkiseura ry toimii juuri sinua varten.<\/p>\n\n\n\n<p>Lenn\u00e4tt\u00e4minen p\u00e4ihteiden vaikutuksen alaisena on ehdottomasti kielletty.<\/p>\n\n\n\n<p>Kentt\u00e4 pidet\u00e4\u00e4n siistin\u00e4 ja jokainen hoitaa tuomansa roskat pois. Kent\u00e4ll\u00e4 saa k\u00e4ytt\u00e4\u00e4 ainoastaan Euroopassa RC-k\u00e4ytt\u00f6\u00f6n hyv\u00e4ksyttyj\u00e4 radiolaitteita ja taajuuksia. Jos lenn\u00e4t\u00e4t 35\/40MHz l\u00e4hettimill\u00e4, varmista pinnataulun avulla, ett\u00e4 tarvitsemasi taajuus on vapaa. Jos k\u00e4yt\u00e4t videol\u00e4hetint\u00e4, varmista ett\u00e4 sen taajuus on vapaa, jos ilmassa on FPV- lennokkeja. Viimeinen kent\u00e4lt\u00e4 l\u00e4htij\u00e4 huolehtii koppiin siell\u00e4 s\u00e4ilytett\u00e4v\u00e4t esineet, lukitsee oven ja nostaa porttiketjun.<\/p>\n\n\n\n<h4 class=\"wp-block-heading\">S\u00e4\u00e4nt\u00f6rikkomus<\/h4>\n\n\n\n<p>S\u00e4\u00e4nt\u00f6jen rikkomisesta tai noudattamatta j\u00e4tt\u00e4misest\u00e4 voidaan langettaa esim. lenn\u00e4tyskielto tai kent\u00e4n k\u00e4ytt\u00f6oikeuden menetys.<\/p>\n\n\n\n<h4 class=\"wp-block-heading\">Kent\u00e4ll\u00e4 sallitut lennokit<\/h4>\n\n\n\n<p>Paattisten lennokkikent\u00e4ll\u00e4 saa lenn\u00e4tt\u00e4\u00e4 kaikentyyppisi\u00e4 lennokkeja melurajoitukset ja lenn\u00e4tysajat huomioiden aina 25 kg lentopainoon saakka. 25 &#8211; 100 kg lennokkien lenn\u00e4tys on sallittua seuran erityisluvalla ja ilmailuliiton erillisohjetta noudattaen. Nopeus- tai nousunopeusrajoituksia ei ole. Lenn\u00e4tt\u00e4j\u00e4 vastaa lennokin olevan turvallisesti rakennettu ja ett\u00e4 turvalliseen lenn\u00e4tt\u00e4miseen t\u00e4ht\u00e4\u00e4v\u00e4 p\u00e4iv\u00e4tarkastus ja lentojen v\u00e4liset tarkastukset on tehty. Kaiken lenn\u00e4tt\u00e4misen on tapahduttava n\u00e4k\u00f6yhteydess\u00e4. FPV- lenn\u00e4tys yli 30 m korkeuksilla vaatii kauko-ohjaajaa tukevaa t\u00e4hyst\u00e4j\u00e4\u00e4. N\u00e4k\u00f6yhteyden ulkopuolella tapahtuva lenn\u00e4tys (BVLOS) kielletty. Yli 250 g painoisiin lennokkeihin on merkitt\u00e4v\u00e4 v\u00e4hint\u00e4\u00e4n operaattoritunnus, mutta se voi sijaita lennokin sis\u00e4ll\u00e4 helposti avattavan luukun alla.<\/p>\n\n\n\n<h4 class=\"wp-block-heading\">Toiminta poikkeustilanteissa<\/h4>\n\n\n\n<p>Onnettomuustilanteissa soita h\u00e4t\u00e4numeroon 112 ja opasta pelastajat paikalle. Anna tarvittaessa ensiapua, edelt\u00e4v\u00e4\u00e4 ensiapukurssin suorittamista suositellaan.<\/p>\n\n\n\n<p>Onnettomuuksista, vakavista vaaratilanteista ja poikkeamista ilmoitetaan Traficomille sek\u00e4 SIL ry\/Lennokkitoimikunnalle. Seura katsoo raportoitaviksi vaaratilanteiksi my\u00f6s sellaiset miehitettyjen ilma-alusten laskut tai lennokkikent\u00e4n matalat ylilennot. joista ei ole ennalta sovittu TLS ry:n kanssa, sek\u00e4 lennokkikent\u00e4n luvattoman lenn\u00e4tysk\u00e4yt\u00f6n mik\u00e4li t\u00e4llaista havaitaan.<\/p>\n\n\n\n<p>Turku 02.11.2025<br>Turun Lennokkiseura ry \/ johtokunta<\/p>\n\n\n\n<p><\/p>\n\n\n\n<figure class=\"wp-block-image size-large\"><img loading=\"lazy\" decoding=\"async\" width=\"1024\" height=\"781\" src=\"https:\/\/turunlennokkiseura.com\/tls\/wp-content\/uploads\/2023\/08\/kenttasaannot_kuva1_www-1024x781.png\" alt=\"\" class=\"wp-image-261\" srcset=\"https:\/\/turunlennokkiseura.com\/tls\/wp-content\/uploads\/2023\/08\/kenttasaannot_kuva1_www-1024x781.png 1024w, https:\/\/turunlennokkiseura.com\/tls\/wp-content\/uploads\/2023\/08\/kenttasaannot_kuva1_www-300x229.png 300w, https:\/\/turunlennokkiseura.com\/tls\/wp-content\/uploads\/2023\/08\/kenttasaannot_kuva1_www-768x586.png 768w, https:\/\/turunlennokkiseura.com\/tls\/wp-content\/uploads\/2023\/08\/kenttasaannot_kuva1_www.png 1027w\" sizes=\"auto, (max-width: 1024px) 100vw, 1024px\" \/><\/figure>\n\n\n\n<p><\/p>\n\n\n\n<figure class=\"wp-block-image size-full\"><img loading=\"lazy\" decoding=\"async\" width=\"1025\" height=\"752\" src=\"https:\/\/turunlennokkiseura.com\/tls\/wp-content\/uploads\/2023\/08\/kenttasaannot_kuva2_www.png\" alt=\"\" class=\"wp-image-267\" srcset=\"https:\/\/turunlennokkiseura.com\/tls\/wp-content\/uploads\/2023\/08\/kenttasaannot_kuva2_www.png 1025w, https:\/\/turunlennokkiseura.com\/tls\/wp-content\/uploads\/2023\/08\/kenttasaannot_kuva2_www-300x220.png 300w, https:\/\/turunlennokkiseura.com\/tls\/wp-content\/uploads\/2023\/08\/kenttasaannot_kuva2_www-768x563.png 768w\" sizes=\"auto, (max-width: 1025px) 100vw, 1025px\" \/><\/figure>\n\n\n\n<p><\/p>\n\n\n\n<p><a href=\"https:\/\/turunlennokkiseura.com\/dokumentit\/kenttasaannot_Turku_Paattinen_v3.pdf\" data-type=\"attachment\" data-id=\"391\" target=\"_blank\" rel=\"noreferrer noopener\">Lataa t\u00e4st\u00e4 turvallisuusohje PDF- muodossa<\/a><\/p>\n\n\n\n<p><\/p>\n","protected":false},"excerpt":{"rendered":"<p>versio 302.11.2025 Kent\u00e4n k\u00e4ytt\u00f6oikeus Lennokkikentt\u00e4\u00e4 voivat k\u00e4ytt\u00e4\u00e4: A) Kaikki TLS ry:n j\u00e4senmaksunsa maksaneet ja operaattoreiksi\/lenn\u00e4tt\u00e4jiksi Traficomin rekister\u00f6im\u00e4t j\u00e4senet. Kamerattomia, alle 250 g painoisten lennokkien lenn\u00e4tt\u00e4jilt\u00e4 ei vaadita rekister\u00f6itymist\u00e4, mutta seura suosittelee sit\u00e4. B) Puolustusvoimien, Poliisin ja PePa:n operaattorit, virkateht\u00e4vien suorittamiseen t\u00e4ht\u00e4\u00e4viss\u00e4 lenn\u00e4tysharjoituksissa, sovitusti TLS ry:n kanssa. C) TLS ry:n kutsumat seuran ulkopuoliset lenn\u00e4tt\u00e4j\u00e4vieraat edellytt\u00e4en, ett\u00e4 [&hellip;]<\/p>\n","protected":false},"author":1,"featured_media":0,"parent":0,"menu_order":0,"comment_status":"closed","ping_status":"closed","template":"","meta":{"pgc_sgb_lightbox_settings":"","footnotes":""},"class_list":["post-117","page","type-page","status-publish","hentry"],"_links":{"self":[{"href":"https:\/\/turunlennokkiseura.com\/tls\/wp-json\/wp\/v2\/pages\/117","targetHints":{"allow":["GET"]}}],"collection":[{"href":"https:\/\/turunlennokkiseura.com\/tls\/wp-json\/wp\/v2\/pages"}],"about":[{"href":"https:\/\/turunlennokkiseura.com\/tls\/wp-json\/wp\/v2\/types\/page"}],"author":[{"embeddable":true,"href":"https:\/\/turunlennokkiseura.com\/tls\/wp-json\/wp\/v2\/users\/1"}],"replies":[{"embeddable":true,"href":"https:\/\/turunlennokkiseura.com\/tls\/wp-json\/wp\/v2\/comments?post=117"}],"version-history":[{"count":12,"href":"https:\/\/turunlennokkiseura.com\/tls\/wp-json\/wp\/v2\/pages\/117\/revisions"}],"predecessor-version":[{"id":1630,"href":"https:\/\/turunlennokkiseura.com\/tls\/wp-json\/wp\/v2\/pages\/117\/revisions\/1630"}],"wp:attachment":[{"href":"https:\/\/turunlennokkiseura.com\/tls\/wp-json\/wp\/v2\/media?parent=117"}],"curies":[{"name":"wp","href":"https:\/\/api.w.org\/{rel}","templated":true}]}}